{"id":1485,"date":"2018-11-24T09:56:49","date_gmt":"2018-11-24T08:56:49","guid":{"rendered":"http:\/\/xn--choeurprlude-ieb.be\/?page_id=1485"},"modified":"2018-11-24T10:00:56","modified_gmt":"2018-11-24T09:00:56","slug":"un-peu-dhistoire-ste-cecile","status":"publish","type":"page","link":"https:\/\/xn--choeurprlude-ieb.be\/?page_id=1485","title":{"rendered":"Un peu d&rsquo;histoire &#8211; Ste C\u00e9cile"},"content":{"rendered":"<p>Voici ce que M. Google nous dit sur Saint-C\u00e9cile&nbsp;:<\/p>\n<p>\u00ab&nbsp;<strong>C\u00e9cile de Rome<\/strong>, une des <strong>sainte C\u00e9cile<\/strong>, ou <em>sainte Aziliz<\/em> dans le <a href=\"https:\/\/fr.wikipedia.org\/wiki\/Calendrier_breton_des_saints\"> calendrier breton des saints<\/a>, est une <a href=\"https:\/\/fr.wikipedia.org\/wiki\/Sainte\">sainte<\/a> <a href=\"https:\/\/fr.wikipedia.org\/wiki\/Christianisme\">chr\u00e9tienne<\/a>. Elle aurait v\u00e9cu \u00e0 <a href=\"https:\/\/fr.wikipedia.org\/wiki\/Rome\">Rome<\/a>, aux premiers temps du christianisme. Sa l\u00e9gende en fait une vierge qui, mari\u00e9e de force, continua \u00e0 respecter son v\u0153u de virginit\u00e9. On la f\u00eate le <a href=\"https:\/\/fr.wikipedia.org\/wiki\/22_novembre\"> 22 novembre<\/a>. Sainte C\u00e9cile est la <a href=\"https:\/\/fr.wikipedia.org\/wiki\/Saint_patron\">patronne<\/a> des <a href=\"https:\/\/fr.wikipedia.org\/wiki\/Musiciens\">musiciens<\/a> et des musiciennes ainsi que des brodeurs et brodeuses.<\/p>\n<p>Elle v\u00e9cut en Sicile. Entre 176 et 180, sous l&#8217;empereur Marc Aur\u00e8le, elle fut condamn\u00e9e au martyre, apr\u00e8s avoir converti de nombreuses personnes, dont son mari. Les actes de son martyre n&rsquo;ont rien d&rsquo;authentique<sup><a href=\"https:\/\/fr.wikipedia.org\/wiki\/C%C3%A9cile_de_Rome#cite_note-1\">[1]<\/a><\/sup>.<\/p>\n<p>Un passage de sa l\u00e9gende affirme qu&rsquo;en allant au martyre elle entendit une musique c\u00e9leste. Cette anecdote en fera la patronne des musiciens, des luthiers et des autres fabricants d&rsquo;instruments de musique. On la repr\u00e9sente avec une couronne de fleurs, symbole de virginit\u00e9, un plant de <a href=\"https:\/\/fr.wikipedia.org\/wiki\/Lys\">lys<\/a>, un instrument de musique et une \u00e9p\u00e9e. Elle est souvent enturbann\u00e9e et richement habill\u00e9e, signes d&rsquo;une origine patricienne. C&rsquo;est l&rsquo;un des martyrs des d\u00e9buts de l&rsquo;\u00c9glise les plus v\u00e9n\u00e9r\u00e9s, mentionn\u00e9 dans le <a href=\"https:\/\/fr.wikipedia.org\/wiki\/Canon_de_la_messe\"> canon de la messe<\/a> depuis <a href=\"https:\/\/fr.wikipedia.org\/wiki\/496\">496<\/a>&nbsp;\u00bb.<\/p>\n<ol>\n<li>Google dit encore ceci&nbsp;:<\/li>\n<\/ol>\n<p>La <em><a href=\"https:\/\/fr.wikipedia.org\/wiki\/L%C3%A9gende_dor%C3%A9e\">L\u00e9gende dor\u00e9e<\/a><\/em> de <a href=\"https:\/\/fr.wikipedia.org\/wiki\/Jacques_de_Voragine\"> Jacques de Voragine<\/a> rapporte ainsi les paroles de sainte C\u00e9cile&nbsp;: \u00ab&nbsp;J&rsquo;ai pour amant un <a href=\"https:\/\/fr.wikipedia.org\/wiki\/Ange\">ange<\/a> qui veille sur mon corps avec une extr\u00eame sollicitude. S&rsquo;il s&rsquo;aper\u00e7oit le moins du monde que tu me touches, \u00e9tant pouss\u00e9 par un amour qui me souille, aussit\u00f4t il te frappera, et tu perdrais la fleur de ta charmante jeunesse&nbsp;; mais s&rsquo;il voit que tu m\u2019aimes d&rsquo;un amour sinc\u00e8re, il t&rsquo;aimera comme il m\u2019aime, et il te montrera sa gloire.&nbsp;\u00bb<\/p>\n<p>Val\u00e9rien, ma\u00eetris\u00e9 par la gr\u00e2ce de Dieu, lui r\u00e9pondit&nbsp;: \u00ab&nbsp;Si tu veux que je te croie, fais-moi voir cet ange, et si je m\u2019assure que c&rsquo;est vraiment un ange de Dieu, je ferai ce \u00e0 quoi tu m\u2019exhortes&nbsp;; mais si tu aimes un autre homme, je vous frapperai l\u2019un et l\u2019autre de mon <a href=\"https:\/\/fr.wikipedia.org\/wiki\/Glaive\">glaive<\/a>.&nbsp;\u00bb<\/p>\n<p>Apr\u00e8s lui avoir fait lire l&rsquo;<a href=\"https:\/\/fr.wikipedia.org\/wiki\/%C3%89vangile_selon_Luc\">\u00e9vangile selon Luc<\/a> et apr\u00e8s qu&rsquo;il a renonc\u00e9 aux <a href=\"https:\/\/fr.wikipedia.org\/wiki\/Idole\">idoles<\/a>, il se convertit. Elle le conduit alors au <a href=\"https:\/\/fr.wikipedia.org\/wiki\/Pape\">pape<\/a> <a href=\"https:\/\/fr.wikipedia.org\/wiki\/Urbain_Ier\">Urbain<\/a> qui le pr\u00e9pare au <a href=\"https:\/\/fr.wikipedia.org\/wiki\/Bapt%C3%AAme\">bapt\u00eame<\/a> et le baptise \u00e0 <a href=\"https:\/\/fr.wikipedia.org\/wiki\/P%C3%A2ques\">P\u00e2ques<\/a>.<\/p>\n<p>Le fr\u00e8re de Val\u00e9rien, Tiburce, se convertit \u00e0 son tour, et un ange lui annonce qu&rsquo;ils arriveront tous deux aupr\u00e8s du Seigneur avec la palme du <a href=\"https:\/\/fr.wikipedia.org\/wiki\/Martyr\">martyre<\/a>. C\u00e9cile r\u00e9pond \u00e0 Tiburce qui exprime ses craintes de mourir&nbsp;: \u00ab&nbsp;Si cette vie \u00e9tait la seule, ce serait avec raison que nous craindrions de la perdre&nbsp;: mais il y en a une autre qui n&rsquo;est jamais perdue, et que le <a href=\"https:\/\/fr.wikipedia.org\/wiki\/J%C3%A9sus_de_Nazareth\"> Fils de Dieu<\/a> nous a fait conna\u00eetre. Toutes les choses qui ont \u00e9t\u00e9 faites, c&rsquo;est le Fils engendr\u00e9 du <a href=\"https:\/\/fr.wikipedia.org\/wiki\/Dieu_le_P%C3%A8re\">P\u00e8re<\/a> qui les a produites. Tout ce qui est cr\u00e9\u00e9, c&rsquo;est l\u2019<a href=\"https:\/\/fr.wikipedia.org\/wiki\/Saint-Esprit\">Esprit<\/a> qui proc\u00e8de du P\u00e8re qui l\u2019a anim\u00e9. Or, c&rsquo;est ce Fils de Dieu qui, en venant dans le monde, nous a d\u00e9montr\u00e9 par ses paroles et par ses <a href=\"https:\/\/fr.wikipedia.org\/wiki\/Miracle\">miracles<\/a> qu&rsquo;il y a une autre vie.&nbsp;\u00bb<\/p>\n<p><em>Sainte C\u00e9cile jouant de l&rsquo;orgue<\/em><\/p>\n<p>peinte par <a href=\"https:\/\/fr.wikipedia.org\/wiki\/Claude_Vignon\">Claude Vignon<\/a>.<\/p>\n<p><img loading=\"lazy\" decoding=\"async\" class=\"alignnone size-full wp-image-1489\" src=\"http:\/\/xn--choeurprlude-ieb.be\/wp-content\/uploads\/2018\/11\/Claude_Vignon_-_St_Cecilia.jpg\" alt=\"\" width=\"443\" height=\"600\" srcset=\"https:\/\/xn--choeurprlude-ieb.be\/wp-content\/uploads\/2018\/11\/Claude_Vignon_-_St_Cecilia.jpg 443w, https:\/\/xn--choeurprlude-ieb.be\/wp-content\/uploads\/2018\/11\/Claude_Vignon_-_St_Cecilia-222x300.jpg 222w\" sizes=\"(max-width: 443px) 100vw, 443px\" \/><\/p>\n<p>&nbsp;<\/p>\n","protected":false},"excerpt":{"rendered":"<p>Voici ce que M. Google nous dit sur Saint-C\u00e9cile&nbsp;: \u00ab&nbsp;C\u00e9cile de Rome, une des sainte C\u00e9cile, ou sainte Aziliz dans le calendrier breton des saints, est une sainte chr\u00e9tienne. Elle aurait v\u00e9cu \u00e0 Rome, aux premiers temps du christianisme. Sa &hellip; <a href=\"https:\/\/xn--choeurprlude-ieb.be\/?page_id=1485\">Continuer la lecture <span class=\"meta-nav\">&rarr;<\/span><\/a><\/p>\n","protected":false},"author":14,"featured_media":0,"parent":76,"menu_order":130,"comment_status":"closed","ping_status":"closed","template":"","meta":{"footnotes":""},"_links":{"self":[{"href":"https:\/\/xn--choeurprlude-ieb.be\/index.php?rest_route=\/wp\/v2\/pages\/1485"}],"collection":[{"href":"https:\/\/xn--choeurprlude-ieb.be\/index.php?rest_route=\/wp\/v2\/pages"}],"about":[{"href":"https:\/\/xn--choeurprlude-ieb.be\/index.php?rest_route=\/wp\/v2\/types\/page"}],"author":[{"embeddable":true,"href":"https:\/\/xn--choeurprlude-ieb.be\/index.php?rest_route=\/wp\/v2\/users\/14"}],"replies":[{"embeddable":true,"href":"https:\/\/xn--choeurprlude-ieb.be\/index.php?rest_route=%2Fwp%2Fv2%2Fcomments&post=1485"}],"version-history":[{"count":4,"href":"https:\/\/xn--choeurprlude-ieb.be\/index.php?rest_route=\/wp\/v2\/pages\/1485\/revisions"}],"predecessor-version":[{"id":1491,"href":"https:\/\/xn--choeurprlude-ieb.be\/index.php?rest_route=\/wp\/v2\/pages\/1485\/revisions\/1491"}],"up":[{"embeddable":true,"href":"https:\/\/xn--choeurprlude-ieb.be\/index.php?rest_route=\/wp\/v2\/pages\/76"}],"wp:attachment":[{"href":"https:\/\/xn--choeurprlude-ieb.be\/index.php?rest_route=%2Fwp%2Fv2%2Fmedia&parent=1485"}],"curies":[{"name":"wp","href":"https:\/\/api.w.org\/{rel}","templated":true}]}}