{"id":306,"date":"2017-02-07T09:42:05","date_gmt":"2017-02-07T08:42:05","guid":{"rendered":"http:\/\/xn--choeurprlude-ieb.be\/?page_id=306"},"modified":"2018-07-23T15:16:19","modified_gmt":"2018-07-23T13:16:19","slug":"souvenirs","status":"publish","type":"page","link":"https:\/\/xn--choeurprlude-ieb.be\/?page_id=306","title":{"rendered":"Souvenirs"},"content":{"rendered":"<style>\n.su-spoiler.my-custom-spoiler {}.su-spoiler.my-custom-spoiler .su-spoiler-title { background-color: #a3cff7}.su-spoiler.my-custom-spoiler .su-spoiler-title .su-spoiler-icon,.su-spoiler.su-spoiler-closed.my-custom-spoiler .su-spoiler-title .su-spoiler-icon {left: 3px;background-color: #fff;}.su-spoiler.my-custom-spoiler .su-spoiler-content { background-color: #efefef }<br \/><\/style>\n<p>&nbsp;<div class=\"su-spoiler su-spoiler-style-default su-spoiler-icon-plus my-custom-spoiler su-spoiler-closed\" data-scroll-offset=\"0\" data-anchor-in-url=\"no\"><div class=\"su-spoiler-title\" tabindex=\"0\" role=\"button\"><span class=\"su-spoiler-icon\"><\/span>Souper annuel f\u00e9vrier 2017<\/div><div class=\"su-spoiler-content su-u-clearfix su-u-trim\">\n<u><b>Lieu<\/b><\/u>: le Moulin Gourmand \u00e0 Frenois.<br \/>\n<u><b>Date<\/b><\/u>: 3 f\u00e9vrier.<br \/>\n<strong>Heure<\/strong>: 19h00;<br \/>\n<u><b>Menu<\/b><\/u>:<br \/>\n<u><i>Entr\u00e9e<\/i><\/u>: feuillet\u00e9 aux champignons <b><u>ou<\/u><\/b> Gratin de ravioles au saumon fum\u00e9.<br \/>\n<u><i>Plat<\/i><\/u>: Le filet de poisson du jour (St Pierre ou Daurade suivant le march\u00e9) <b><u> ou&nbsp;<\/u><\/b>Cuisses de canette au miel et au thym.<br \/>\n<u><i>Dessert<\/i><\/u>: Duo de dessert.Le comit\u00e9 souhaite inviter les conjoints \u00e0 ce repas. C\u2019est l\u2019occasion de remercier ceux-ci pour leur aide efficace et b\u00e9n\u00e9vole lors de nos concerts.<br \/>\nLa caisse de Pr\u00e9lude offre le repas et les boissons aux Pr\u00e9ludiens.<br \/>\nPour les conjoints, le menu est \u00e0 23\u20ac et le forfait boissons \u00e0 14\u20ac.<br \/>\n<a href=\"http:\/\/xn--choeurprlude-ieb.be\/?page_id=349\">Voir photos<\/a><span style=\"font-size: 12px;\"><\/div><\/div><\/span><\/p>\n<style>\n.su-spoiler.my-custom-spoiler {}.su-spoiler.my-custom-spoiler .su-spoiler-title { background-color: #a3cff7}.su-spoiler.my-custom-spoiler .su-spoiler-title .su-spoiler-icon,.su-spoiler.su-spoiler-closed.my-custom-spoiler .su-spoiler-title .su-spoiler-icon {left: 3px;background-color: #fff;}.su-spoiler.my-custom-spoiler .su-spoiler-content { background-color: #efefef }<br \/><\/style>\n<p>&nbsp;<div class=\"su-spoiler su-spoiler-style-default su-spoiler-icon-plus my-custom-spoiler su-spoiler-closed\" data-scroll-offset=\"0\" data-anchor-in-url=\"no\"><div class=\"su-spoiler-title\" tabindex=\"0\" role=\"button\"><span class=\"su-spoiler-icon\"><\/span>Souper annuel mars 2018<\/div><div class=\"su-spoiler-content su-u-clearfix su-u-trim\">\n<u><b>Lieu<\/b><\/u>: le Moulin Gourmand \u00e0 Frenois.<br \/>\n<u><b>Date<\/b><\/u>: 23 mars<br \/>\n<strong>Heure<\/strong>: 19h00;<br \/>\n<a href=\"http:\/\/xn--choeurprlude-ieb.be\/?page_id=349\">Voir photos<\/a><\/p>\n<div>\n<div><\/div><\/div><\/div>\n<div>&nbsp;<\/div>\n<\/div>\n<style>\n.su-spoiler.my-custom-spoiler {}.su-spoiler.my-custom-spoiler .su-spoiler-title { background-color: #a3cff7}.su-spoiler.my-custom-spoiler .su-spoiler-title .su-spoiler-icon,.su-spoiler.su-spoiler-closed.my-custom-spoiler .su-spoiler-title .su-spoiler-icon {left: 3px;background-color: #fff;}.su-spoiler.my-custom-spoiler .su-spoiler-content { background-color: #efefef }<br \/><\/style>\n<div class=\"su-spoiler su-spoiler-style-default su-spoiler-icon-plus my-custom-spoiler su-spoiler-closed\" data-scroll-offset=\"0\" data-anchor-in-url=\"no\"><div class=\"su-spoiler-title\" tabindex=\"0\" role=\"button\"><span class=\"su-spoiler-icon\"><\/span>Voyage en Alsace mai 2018<\/div><div class=\"su-spoiler-content su-u-clearfix su-u-trim\">\n<div>\n<p><strong>Vendredi 18 mai 2018<\/strong><\/p>\n<p>D\u00e9part en bus Goedert de la Place Nothomb de Habay-la-Neuve \u00e0 17 H. Arr\u00eat en cours de route d\u2019environ \u00be d\u2019heure pour le souper sur une aire d\u2019autoroute.<\/p>\n<p>Vers 22 H, d\u00e9p\u00f4t des 8 personnes au&nbsp;<strong>G\u00eete Chez Ania et Tym<\/strong>, 35 c, rue de Sainte-croix-en plaine, 68127 NIEDERHERGHEIM (www.chezaniaettym.fr).<br \/>\nLes draps ont \u00e9t\u00e9 r\u00e9serv\u00e9s par Pr\u00e9lude aupr\u00e8s de M. et Mme Thierry Salomon.<br \/>\nLa r\u00e9partition des chambres est en fin de cette note.<\/p>\n<p>D\u00e9p\u00f4t de Marie-Jeanne et Jean-Fran\u00e7ois chez Colette et Pierre 6 rue principale, 68127 BILTZHEIM (pas de site internet).<\/p>\n<p>D\u00e9p\u00f4t des autres personnes \u00e0 68250 WESTHALTEN&nbsp;<strong>Les G\u00eetes du vieux moulin<\/strong>, 22, rue de la Fontaine (alsacemoulin.fr). Mme Maria Schneider fournit les draps de lit et un drap de bain par personne.<br \/>\nLa r\u00e9partition des chambres est en fin de cette note.<br \/>\nCeux qui viennent en voiture ou en moto sont pri\u00e9s d\u2019arriver pour 23 H au plus tard.<\/p>\n<p><strong>Samedi 19 mai<\/strong><\/p>\n<p>Petit d\u00e9jeuner \u00e0 8 H dans les 3 g\u00eetes. Les nourritures autres que le pain auront \u00e9t\u00e9 d\u00e9pos\u00e9es dans les g\u00eetes par les \u00e9claireurs (Andr\u00e9e, Raymond, Colette et Pierre).&nbsp; Colette d\u00e9posera le pain frais \u00e0 Niederhergheim. Anne-Marie et Bruno seront charg\u00e9s d\u2019aller (avant 8 H) chercher le pain (r\u00e9serv\u00e9 la veille par les \u00e9claireurs) du samedi et dimanche \u00e0 la boulangerie \u00e0 Soultzmatt (adresse \u00e0 pr\u00e9ciser). Maria (du Vieux Moulin) nous a promis de mettre la table.<\/p>\n<p>D\u00e9part du bus de Westhalten \u00e0 9 H vers Niederhergheim, puis vers la salle communale Espace Horizons \u00e0 68127 Biltzheim (premi\u00e8re route \u00e0 droite en venant de Oberhergheim).<\/p>\n<p>R\u00e9p\u00e9tition de Pr\u00e9lude \u00e0 partir de 9 H 30 jusque 12 H.<\/p>\n<p>Les accompagnants, s\u2019ils le souhaitent, sont invit\u00e9s \u00e0 n\u00e9gocier avec le chauffeur un court d\u00e9placement de leur choix, par exemple \u00e0 68420 Eguisheim (village pr\u00e9f\u00e9r\u00e9 des Fran\u00e7ais en 2013) ou \u00e0 Gueberschwihr (sur la route des vins).<\/p>\n<p>D\u00eener \u00e0 12 H \u00e0 la salle. Menu fourni par le Restaurant Traiteur Bistronomique \u00ab&nbsp;C\u00f4t\u00e9 Cuisine&nbsp;\u00bb de Hirtzfelden. Le menu sera communiqu\u00e9 en temps utile.<\/p>\n<p>A 14 H 30, visite guid\u00e9e de Rouffach (remparts, belles demeures et quartier ancien).<\/p>\n<p>Vers 16 H 30, d\u00e9couverte de l\u2019\u00e9glise de Biltzheim, lieu de notre concert du soir.<\/p>\n<p>Retour \u00e0 la salle pour le souper (pain, beurre, fromage et charcuterie).<\/p>\n<p>Concert \u00e0 20 H (farde rouge, tenue noire \u00e0 emporter de Belgique).<\/p>\n<p>A partir de 22 H, r\u00e9ception \u00e0 la salle avec quelques invit\u00e9s de Biltzheim et des environs (vin blanc, softs et kougelhopf).<\/p>\n<p>A 23 H 15, d\u00e9part du bus vers Niederhergheim, puis Weshalten.<\/p>\n<p><strong>Dimanche 20 mai<\/strong><\/p>\n<p>Petit d\u00e9jeuner \u00e0 9 H dans les 3 g\u00eetes. Ramassage par le bus et d\u00e9part vers 10 H de Biltzheim, 6 rue Principale vers l\u2019Ecomus\u00e9e d\u2019Alsace (<a href=\"http:\/\/www.ecomusee.alsace\/\">www.ecomusee.alsace<\/a>) \u00e0 Ungersheim. D\u00eener sur place en petite restauration de qualit\u00e9 (entre autres tartes flamb\u00e9es et sandwiches alsaciens) \u00e0 charge de chacun (sauf le chauffeur) .<\/p>\n<p>Retour \u00e0 16 H vers Westhalten. Balade dans le vieux village, situ\u00e9 \u00e0 l\u2019entr\u00e9e de la \u00ab&nbsp;Vall\u00e9e noble&nbsp;\u00bb.<\/p>\n<p>A 18 H, au Vieux moulin, d\u00e9gustation des vins de chez Schirmer de Soultzmatt, avec en accompagnement diverses pr\u00e9parations culinaires offertes par Maria. Pour remercier Maria, le Comit\u00e9 sugg\u00e8re de lui offrir un panier garni de sp\u00e9cialit\u00e9s de notre r\u00e9gion. Qui pourrait se charger de r\u00e9unir les ingr\u00e9dients&nbsp;?<\/p>\n<p>Retour \u00e0 la salle communale pour une soir\u00e9e entre nous.<\/p>\n<p>Extinction des feux vers 23 H.<\/p>\n<p><strong>Lundi 21 mai<\/strong><\/p>\n<p>Ramassage dans les g\u00eetes \u00e0 partir de 9 H.<\/p>\n<p>Petit d\u00e9jeuner \u00e0 la salle \u00e0 Biltzheim.<\/p>\n<p>Balade dans la r\u00e9gion en matin\u00e9e.<\/p>\n<p>12 H, d\u00eener dans la salle,&nbsp; fourni par le m\u00eame traiteur que samedi midi.<\/p>\n<p>Remise en ordre de la salle.<\/p>\n<p>Entre 15 et 16 H, retour vers la Belgique.<\/p>\n<p><strong>Sur le plan financier<\/strong>, 2 acomptes pour un total de \u20ac 200,- par personne ont \u00e9t\u00e9 pay\u00e9s. Dans l\u2019\u00e9tat actuel des connaissances, le budget total du s\u00e9jour s\u2019\u00e9l\u00e8ve \u00e0 environ \u20ac 10.000,-. Le prix des chambres des 2 g\u00eetes a \u00e9t\u00e9 mutualis\u00e9. Bien que log\u00e9s gratuitement, Andr\u00e9, Raymond, Marie-Jeanne et Jean-Fran\u00e7ois ont accept\u00e9 de participer au paiement du logement. La r\u00e9partition des frais du bus sera faite en fonction de l\u2019utilisation par chacun (voyages aller et retour, utilisation du bus sur place).<\/p>\n<p>Sauf si un acompte suppl\u00e9mentaire devait \u00eatre demand\u00e9, le solde sera pay\u00e9 par chaque participant apr\u00e8s le voyage.<\/p>\n<p>Si vous avez des&nbsp;<strong>questions<\/strong>, n\u2019h\u00e9sitez pas \u00e0 les adresser au Comit\u00e9.<\/p>\n<p><img loading=\"lazy\" decoding=\"async\" class=\"alignnone size-full wp-image-1161\" src=\"http:\/\/xn--choeurprlude-ieb.be\/wp-content\/uploads\/2018\/04\/Alsace-R%C3%A9partition-chambres.jpg\" sizes=\"(max-width: 2011px) 100vw, 2011px\" srcset=\"http:\/\/xn--choeurprlude-ieb.be\/wp-content\/uploads\/2018\/04\/Alsace-R\u00e9partition-chambres.jpg 2011w, http:\/\/xn--choeurprlude-ieb.be\/wp-content\/uploads\/2018\/04\/Alsace-R\u00e9partition-chambres-210x300.jpg 210w, http:\/\/xn--choeurprlude-ieb.be\/wp-content\/uploads\/2018\/04\/Alsace-R\u00e9partition-chambres-768x1095.jpg 768w, http:\/\/xn--choeurprlude-ieb.be\/wp-content\/uploads\/2018\/04\/Alsace-R\u00e9partition-chambres-718x1024.jpg 718w\" alt=\"\" width=\"2011\" height=\"2867\"><\/p>\n<p><img loading=\"lazy\" decoding=\"async\" class=\"alignnone size-full wp-image-1163\" src=\"http:\/\/xn--choeurprlude-ieb.be\/wp-content\/uploads\/2018\/05\/Biltzheim-Alsace-concert-19-mai-18-3.jpg\" sizes=\"(max-width: 2207px) 100vw, 2207px\" srcset=\"http:\/\/xn--choeurprlude-ieb.be\/wp-content\/uploads\/2018\/05\/Biltzheim-Alsace-concert-19-mai-18-3.jpg 2207w, http:\/\/xn--choeurprlude-ieb.be\/wp-content\/uploads\/2018\/05\/Biltzheim-Alsace-concert-19-mai-18-3-270x300.jpg 270w, http:\/\/xn--choeurprlude-ieb.be\/wp-content\/uploads\/2018\/05\/Biltzheim-Alsace-concert-19-mai-18-3-768x854.jpg 768w, http:\/\/xn--choeurprlude-ieb.be\/wp-content\/uploads\/2018\/05\/Biltzheim-Alsace-concert-19-mai-18-3-921x1024.jpg 921w\" alt=\"\" width=\"2207\" height=\"2454\"><\/p>\n<\/div>\n<div>\n<div>&nbsp;<\/div>\n<div><\/div><\/div><\/div>\n<\/div>\n<div>&nbsp;<\/div>\n<div>&nbsp;<\/div>\n<div>&nbsp;<\/div>\n","protected":false},"excerpt":{"rendered":"<p>&nbsp; &nbsp; &nbsp; &nbsp; &nbsp; &nbsp;<\/p>\n","protected":false},"author":14,"featured_media":0,"parent":76,"menu_order":100,"comment_status":"closed","ping_status":"closed","template":"","meta":{"footnotes":""},"_links":{"self":[{"href":"https:\/\/xn--choeurprlude-ieb.be\/index.php?rest_route=\/wp\/v2\/pages\/306"}],"collection":[{"href":"https:\/\/xn--choeurprlude-ieb.be\/index.php?rest_route=\/wp\/v2\/pages"}],"about":[{"href":"https:\/\/xn--choeurprlude-ieb.be\/index.php?rest_route=\/wp\/v2\/types\/page"}],"author":[{"embeddable":true,"href":"https:\/\/xn--choeurprlude-ieb.be\/index.php?rest_route=\/wp\/v2\/users\/14"}],"replies":[{"embeddable":true,"href":"https:\/\/xn--choeurprlude-ieb.be\/index.php?rest_route=%2Fwp%2Fv2%2Fcomments&post=306"}],"version-history":[{"count":15,"href":"https:\/\/xn--choeurprlude-ieb.be\/index.php?rest_route=\/wp\/v2\/pages\/306\/revisions"}],"predecessor-version":[{"id":354,"href":"https:\/\/xn--choeurprlude-ieb.be\/index.php?rest_route=\/wp\/v2\/pages\/306\/revisions\/354"}],"up":[{"embeddable":true,"href":"https:\/\/xn--choeurprlude-ieb.be\/index.php?rest_route=\/wp\/v2\/pages\/76"}],"wp:attachment":[{"href":"https:\/\/xn--choeurprlude-ieb.be\/index.php?rest_route=%2Fwp%2Fv2%2Fmedia&parent=306"}],"curies":[{"name":"wp","href":"https:\/\/api.w.org\/{rel}","templated":true}]}}