{"id":366,"date":"2017-02-14T11:46:44","date_gmt":"2017-02-14T10:46:44","guid":{"rendered":"http:\/\/xn--choeurprlude-ieb.be\/?page_id=366"},"modified":"2026-03-09T14:29:13","modified_gmt":"2026-03-09T13:29:13","slug":"contacts","status":"publish","type":"page","link":"https:\/\/xn--choeurprlude-ieb.be\/?page_id=366","title":{"rendered":"Contacts"},"content":{"rendered":"<h2>[alert-announce]Pour tous renseignements\u00a0: <a href=\"http:\/\/ch\u0153ur.prelude.habay@gmail.com\">ch\u0153ur.prelude.habay@gmail.com<\/a><\/h2>\n[\/alert-announce]\n<ul>\n<li><strong>PONCELET Isabelle, chef de ch\u0153ur\u00a0:<\/strong><br \/>\n&#8211; t\u00e9l\u00a0: +32 496\/13 72 27<br \/>\n&#8211; email\u00a0: \u00a0<a href=\"mailto:i.poncelet@hotmail.com\">i.poncelet@hotmail.com<\/a><\/li>\n<li><strong>DEBONTRIDDER Andr\u00e9e, pr\u00e9sidente:<\/strong><br \/>\n&#8211; t\u00e9l\u00a0: +32 63\/41 14 82<br \/>\n&#8211; email\u00a0: <a href=\"mailto:debontridder.andreeraymond@gmail.com\">debontridder.andreeraymond@gmail.com<\/a><\/li>\n<li><strong>DELTOUR B\u00e9atrice, secr\u00e9taire:<\/strong><br \/>\n&#8211; t\u00e9l : +32 470 100 814<br \/>\n&#8211; email : beatrice.deltour@jindalfilms.com<\/li>\n<li><strong>JACQUEMIN Pierre, tr\u00e9sorier\u00a0:<\/strong><br \/>\n&#8211; t\u00e9l\u00a0: +32 63\/45 56 54<br \/>\n&#8211; email\u00a0: <a href=\"mailto:colettepierrej@hotmail.com\">colettepierrej@hotmail.com<\/a><\/li>\n<li><strong>MUHL Margarita membre :<\/strong><br \/>\n&#8211; t\u00e9l : +352 631 83 93 69<br \/>\n&#8211; email : <a href=\"mailto:colettepierrej@hotmail.com\">magieaz@gmail.com<\/a><\/li>\n<\/ul>\n","protected":false},"excerpt":{"rendered":"<p>[alert-announce]Pour tous renseignements\u00a0: ch\u0153ur.prelude.habay@gmail.com [\/alert-announce] PONCELET Isabelle, chef de ch\u0153ur\u00a0: &#8211; t\u00e9l\u00a0: +32 496\/13 72 27 &#8211; email\u00a0: \u00a0i.poncelet@hotmail.com DEBONTRIDDER Andr\u00e9e, pr\u00e9sidente: &#8211; t\u00e9l\u00a0: +32 63\/41 14 82 &#8211; email\u00a0: debontridder.andreeraymond@gmail.com DELTOUR B\u00e9atrice, secr\u00e9taire: &#8211; t\u00e9l : +32 470 100 &hellip; <a href=\"https:\/\/xn--choeurprlude-ieb.be\/?page_id=366\">Continuer la lecture <span class=\"meta-nav\">&rarr;<\/span><\/a><\/p>\n","protected":false},"author":14,"featured_media":0,"parent":0,"menu_order":20,"comment_status":"closed","ping_status":"closed","template":"","meta":{"footnotes":""},"_links":{"self":[{"href":"https:\/\/xn--choeurprlude-ieb.be\/index.php?rest_route=\/wp\/v2\/pages\/366"}],"collection":[{"href":"https:\/\/xn--choeurprlude-ieb.be\/index.php?rest_route=\/wp\/v2\/pages"}],"about":[{"href":"https:\/\/xn--choeurprlude-ieb.be\/index.php?rest_route=\/wp\/v2\/types\/page"}],"author":[{"embeddable":true,"href":"https:\/\/xn--choeurprlude-ieb.be\/index.php?rest_route=\/wp\/v2\/users\/14"}],"replies":[{"embeddable":true,"href":"https:\/\/xn--choeurprlude-ieb.be\/index.php?rest_route=%2Fwp%2Fv2%2Fcomments&post=366"}],"version-history":[{"count":10,"href":"https:\/\/xn--choeurprlude-ieb.be\/index.php?rest_route=\/wp\/v2\/pages\/366\/revisions"}],"predecessor-version":[{"id":3275,"href":"https:\/\/xn--choeurprlude-ieb.be\/index.php?rest_route=\/wp\/v2\/pages\/366\/revisions\/3275"}],"wp:attachment":[{"href":"https:\/\/xn--choeurprlude-ieb.be\/index.php?rest_route=%2Fwp%2Fv2%2Fmedia&parent=366"}],"curies":[{"name":"wp","href":"https:\/\/api.w.org\/{rel}","templated":true}]}}