{"id":76,"date":"2017-01-24T18:01:33","date_gmt":"2017-01-24T17:01:33","guid":{"rendered":"http:\/\/xn--choeurprlude-ieb.be\/?page_id=76"},"modified":"2023-10-03T09:42:47","modified_gmt":"2023-10-03T07:42:47","slug":"membres","status":"publish","type":"page","link":"https:\/\/xn--choeurprlude-ieb.be\/?page_id=76","title":{"rendered":"Espace Membres"},"content":{"rendered":"<p>Cette page contient toutes les informations et fichiers r\u00e9serv\u00e9es aux membres.<\/p>\n<p>S\u00e9lectionnez une des pages dans le menu d\u00e9roulant apparaissant sous le nom de la page.<\/p>\n<p>&nbsp;<\/p>\n","protected":false},"excerpt":{"rendered":"<p>Cette page contient toutes les informations et fichiers r\u00e9serv\u00e9es aux membres. S\u00e9lectionnez une des pages dans le menu d\u00e9roulant apparaissant sous le nom de la page. &nbsp;<\/p>\n","protected":false},"author":14,"featured_media":0,"parent":0,"menu_order":80,"comment_status":"closed","ping_status":"closed","template":"","meta":{"footnotes":""},"_links":{"self":[{"href":"https:\/\/xn--choeurprlude-ieb.be\/index.php?rest_route=\/wp\/v2\/pages\/76"}],"collection":[{"href":"https:\/\/xn--choeurprlude-ieb.be\/index.php?rest_route=\/wp\/v2\/pages"}],"about":[{"href":"https:\/\/xn--choeurprlude-ieb.be\/index.php?rest_route=\/wp\/v2\/types\/page"}],"author":[{"embeddable":true,"href":"https:\/\/xn--choeurprlude-ieb.be\/index.php?rest_route=\/wp\/v2\/users\/14"}],"replies":[{"embeddable":true,"href":"https:\/\/xn--choeurprlude-ieb.be\/index.php?rest_route=%2Fwp%2Fv2%2Fcomments&post=76"}],"version-history":[{"count":7,"href":"https:\/\/xn--choeurprlude-ieb.be\/index.php?rest_route=\/wp\/v2\/pages\/76\/revisions"}],"predecessor-version":[{"id":2736,"href":"https:\/\/xn--choeurprlude-ieb.be\/index.php?rest_route=\/wp\/v2\/pages\/76\/revisions\/2736"}],"wp:attachment":[{"href":"https:\/\/xn--choeurprlude-ieb.be\/index.php?rest_route=%2Fwp%2Fv2%2Fmedia&parent=76"}],"curies":[{"name":"wp","href":"https:\/\/api.w.org\/{rel}","templated":true}]}}