{"id":811,"date":"2017-06-28T08:42:53","date_gmt":"2017-06-28T06:42:53","guid":{"rendered":"http:\/\/xn--choeurprlude-ieb.be\/?page_id=811"},"modified":"2022-05-26T09:54:58","modified_gmt":"2022-05-26T07:54:58","slug":"ecoutez-ce-que-nous-chantons-video","status":"publish","type":"page","link":"https:\/\/xn--choeurprlude-ieb.be\/?page_id=811","title":{"rendered":"Ecoutez ce que nous chantons, ou avons chant\u00e9 (vid\u00e9o)"},"content":{"rendered":"<p><em><strong>Das neugeborne Kindelein &#8211; Buxtehude<\/strong><\/em><\/p>\n<p><iframe loading=\"lazy\" src=\"https:\/\/www.youtube.com\/embed\/4W_VzOA0SlI\" width=\"560\" height=\"315\" frameborder=\"0\" allowfullscreen=\"allowfullscreen\"><span data-mce-type=\"bookmark\" style=\"display: inline-block; width: 0px; overflow: hidden; line-height: 0;\" class=\"mce_SELRES_start\">\ufeff<\/span><\/iframe><\/p>\n<p>&nbsp;<\/p>\n<p><span style=\"font-size: 14pt;\"><em><strong>Treulich gef\u00fchrt &#8211; Lohengrin &#8211; Wagner<\/strong><\/em><\/span><\/p>\n<p><iframe loading=\"lazy\" src=\"https:\/\/www.youtube.com\/embed\/EksEnDKKTlE\" width=\"560\" height=\"315\" frameborder=\"0\" allowfullscreen=\"allowfullscreen\"><\/iframe><\/p>\n<p>&nbsp;<\/p>\n<p><span style=\"font-size: 14pt;\"><em><strong>Freudig begr\u00fc\u00dfen &#8211; Tannh\u00e4user &#8211; Wagner<\/strong><\/em><\/span><\/p>\n<p><iframe loading=\"lazy\" src=\"https:\/\/www.youtube.com\/embed\/INjsLrzqwyE\" width=\"560\" height=\"315\" frameborder=\"0\" allowfullscreen=\"allowfullscreen\"><\/iframe><\/p>\n<p>&nbsp;<\/p>\n<p><span style=\"font-size: 14pt;\"><em><strong>Chorus of peasant girls &#8211; Eugene Onegin &#8211; Tchaikovsky<\/strong><\/em><\/span><\/p>\n<p><iframe loading=\"lazy\" src=\"https:\/\/www.youtube.com\/embed\/jkTLubRvuvs\" width=\"560\" height=\"315\" frameborder=\"0\" allowfullscreen=\"allowfullscreen\"><\/iframe><\/p>\n<p>&nbsp;<\/p>\n<p><span style=\"font-size: 14pt;\"><em><strong>Magnificat en Si &#8211; Durante F.<\/strong><\/em><\/span><\/p>\n<p><iframe loading=\"lazy\" title=\"Francesco Durante - Magnificat\" width=\"640\" height=\"360\" src=\"https:\/\/www.youtube.com\/embed\/HcAu2pegc8I?feature=oembed\" frameborder=\"0\" allow=\"accelerometer; autoplay; clipboard-write; encrypted-media; gyroscope; picture-in-picture; web-share\" referrerpolicy=\"strict-origin-when-cross-origin\" allowfullscreen><\/iframe><\/p>\n","protected":false},"excerpt":{"rendered":"<p>Das neugeborne Kindelein &#8211; Buxtehude \ufeff &nbsp; Treulich gef\u00fchrt &#8211; Lohengrin &#8211; Wagner &nbsp; Freudig begr\u00fc\u00dfen &#8211; Tannh\u00e4user &#8211; Wagner &nbsp; Chorus of peasant girls &#8211; Eugene Onegin &#8211; Tchaikovsky &nbsp; Magnificat en Si &#8211; Durante F.<\/p>\n","protected":false},"author":14,"featured_media":0,"parent":76,"menu_order":55,"comment_status":"closed","ping_status":"closed","template":"","meta":{"footnotes":""},"_links":{"self":[{"href":"https:\/\/xn--choeurprlude-ieb.be\/index.php?rest_route=\/wp\/v2\/pages\/811"}],"collection":[{"href":"https:\/\/xn--choeurprlude-ieb.be\/index.php?rest_route=\/wp\/v2\/pages"}],"about":[{"href":"https:\/\/xn--choeurprlude-ieb.be\/index.php?rest_route=\/wp\/v2\/types\/page"}],"author":[{"embeddable":true,"href":"https:\/\/xn--choeurprlude-ieb.be\/index.php?rest_route=\/wp\/v2\/users\/14"}],"replies":[{"embeddable":true,"href":"https:\/\/xn--choeurprlude-ieb.be\/index.php?rest_route=%2Fwp%2Fv2%2Fcomments&post=811"}],"version-history":[{"count":13,"href":"https:\/\/xn--choeurprlude-ieb.be\/index.php?rest_route=\/wp\/v2\/pages\/811\/revisions"}],"predecessor-version":[{"id":1390,"href":"https:\/\/xn--choeurprlude-ieb.be\/index.php?rest_route=\/wp\/v2\/pages\/811\/revisions\/1390"}],"up":[{"embeddable":true,"href":"https:\/\/xn--choeurprlude-ieb.be\/index.php?rest_route=\/wp\/v2\/pages\/76"}],"wp:attachment":[{"href":"https:\/\/xn--choeurprlude-ieb.be\/index.php?rest_route=%2Fwp%2Fv2%2Fmedia&parent=811"}],"curies":[{"name":"wp","href":"https:\/\/api.w.org\/{rel}","templated":true}]}}