{"id":828,"date":"2017-07-02T09:51:40","date_gmt":"2017-07-02T07:51:40","guid":{"rendered":"http:\/\/xn--choeurprlude-ieb.be\/?page_id=828"},"modified":"2022-12-20T10:07:26","modified_gmt":"2022-12-20T09:07:26","slug":"videos-privees","status":"publish","type":"page","link":"https:\/\/xn--choeurprlude-ieb.be\/?page_id=828","title":{"rendered":"Vid\u00e9os priv\u00e9es"},"content":{"rendered":"<p><span style=\"text-decoration: underline; font-size: 14pt;\"><strong>Extraits de notre interpr\u00e9tation \u00e0 Habay le 22 Novembre 2014<\/strong><\/span><\/p>\n<div style=\"width: 640px;\" class=\"wp-video\"><!--[if lt IE 9]><script>document.createElement('video');<\/script><![endif]-->\n<video class=\"wp-video-shortcode\" id=\"video-828-1\" width=\"640\" height=\"480\" preload=\"metadata\" controls=\"controls\"><source type=\"video\/mp4\" src=\"http:\/\/xn--choeurprlude-ieb.be\/wp-content\/uploads\/2017\/07\/lhomme-arm\u00e9-extraits-H264.mp4?_=1\" \/><a href=\"http:\/\/xn--choeurprlude-ieb.be\/wp-content\/uploads\/2017\/07\/lhomme-arm\u00e9-extraits-H264.mp4\">http:\/\/xn--choeurprlude-ieb.be\/wp-content\/uploads\/2017\/07\/lhomme-arm\u00e9-extraits-H264.mp4<\/a><\/video><\/div>\n<p>&nbsp;<\/p>\n<div class=\"su-divider su-divider-style-default\" style=\"margin:15px 0;border-width:3px;border-color:#999999\"><\/div>\n<p><span style=\"text-decoration: underline; font-size: 14pt;\"><strong>Extraits de notre concert en l&rsquo;\u00e9glise de Montm\u00e9dy le 11-12-2022<\/strong><\/span><\/p>\n<ul>\n<li><span style=\"font-size: 14pt;\"><em>Evening Rise<\/em><\/span><\/li>\n<\/ul>\n<div style=\"width: 640px;\" class=\"wp-video\"><video class=\"wp-video-shortcode\" id=\"video-828-2\" width=\"640\" height=\"480\" preload=\"metadata\" controls=\"controls\"><source type=\"video\/mp4\" src=\"http:\/\/xn--choeurprlude-ieb.be\/wp-content\/uploads\/2022\/12\/Montmedy-Evening-Rise.mp4?_=2\" \/><a href=\"http:\/\/xn--choeurprlude-ieb.be\/wp-content\/uploads\/2022\/12\/Montmedy-Evening-Rise.mp4\">http:\/\/xn--choeurprlude-ieb.be\/wp-content\/uploads\/2022\/12\/Montmedy-Evening-Rise.mp4<\/a><\/video><\/div>\n<p>&nbsp;<\/p>\n<ul>\n<li><span style=\"font-size: 14pt;\"><em>Cantate Domino, de&nbsp; Karl Jenkins<\/em><\/span><\/li>\n<\/ul>\n<div style=\"width: 640px;\" class=\"wp-video\"><video class=\"wp-video-shortcode\" id=\"video-828-3\" width=\"640\" height=\"480\" preload=\"metadata\" controls=\"controls\"><source type=\"video\/mp4\" src=\"http:\/\/xn--choeurprlude-ieb.be\/wp-content\/uploads\/2022\/12\/Montmedy-Cantate-Domino-de-Jenkins.mp4?_=3\" \/><a href=\"http:\/\/xn--choeurprlude-ieb.be\/wp-content\/uploads\/2022\/12\/Montmedy-Cantate-Domino-de-Jenkins.mp4\">http:\/\/xn--choeurprlude-ieb.be\/wp-content\/uploads\/2022\/12\/Montmedy-Cantate-Domino-de-Jenkins.mp4<\/a><\/video><\/div>\n<p>&nbsp;<\/p>\n<div class=\"su-divider su-divider-style-default\" style=\"margin:15px 0;border-width:5px;border-color:#999999\"><\/div>\n","protected":false},"excerpt":{"rendered":"<p>Extraits de notre interpr\u00e9tation \u00e0 Habay le 22 Novembre 2014 &nbsp; Extraits de notre concert en l&rsquo;\u00e9glise de Montm\u00e9dy le 11-12-2022 Evening Rise &nbsp; Cantate Domino, de&nbsp; Karl Jenkins &nbsp;<\/p>\n","protected":false},"author":14,"featured_media":0,"parent":76,"menu_order":90,"comment_status":"closed","ping_status":"closed","template":"","meta":{"footnotes":""},"_links":{"self":[{"href":"https:\/\/xn--choeurprlude-ieb.be\/index.php?rest_route=\/wp\/v2\/pages\/828"}],"collection":[{"href":"https:\/\/xn--choeurprlude-ieb.be\/index.php?rest_route=\/wp\/v2\/pages"}],"about":[{"href":"https:\/\/xn--choeurprlude-ieb.be\/index.php?rest_route=\/wp\/v2\/types\/page"}],"author":[{"embeddable":true,"href":"https:\/\/xn--choeurprlude-ieb.be\/index.php?rest_route=\/wp\/v2\/users\/14"}],"replies":[{"embeddable":true,"href":"https:\/\/xn--choeurprlude-ieb.be\/index.php?rest_route=%2Fwp%2Fv2%2Fcomments&post=828"}],"version-history":[{"count":10,"href":"https:\/\/xn--choeurprlude-ieb.be\/index.php?rest_route=\/wp\/v2\/pages\/828\/revisions"}],"predecessor-version":[{"id":2552,"href":"https:\/\/xn--choeurprlude-ieb.be\/index.php?rest_route=\/wp\/v2\/pages\/828\/revisions\/2552"}],"up":[{"embeddable":true,"href":"https:\/\/xn--choeurprlude-ieb.be\/index.php?rest_route=\/wp\/v2\/pages\/76"}],"wp:attachment":[{"href":"https:\/\/xn--choeurprlude-ieb.be\/index.php?rest_route=%2Fwp%2Fv2%2Fmedia&parent=828"}],"curies":[{"name":"wp","href":"https:\/\/api.w.org\/{rel}","templated":true}]}}