{"id":99,"date":"2017-01-25T10:57:50","date_gmt":"2017-01-25T09:57:50","guid":{"rendered":"http:\/\/xn--choeurprlude-ieb.be\/?page_id=99"},"modified":"2017-06-16T19:47:26","modified_gmt":"2017-06-16T17:47:26","slug":"liste-des-membres-et-adresses","status":"publish","type":"page","link":"https:\/\/xn--choeurprlude-ieb.be\/?page_id=99","title":{"rendered":"Liste des membres et adresses"},"content":{"rendered":"<p>Pour trouver rapidement un membre d\u00e9termin\u00e9, tapez les premi\u00e8res lettres de son nom ou pr\u00e9nom dans la case \u00ab\u00a0recherche\u00a0\u00bb<br \/>\nLa barre de d\u00e9filement horizontal sous la page permet de voir les derni\u00e8res colonnes<\/p>\n\n<table id=\"tablepress-3\" class=\"tablepress tablepress-id-3\">\n<thead>\n<tr class=\"row-1 odd\">\n\t<th class=\"column-1\">P1<\/th><th class=\"column-2\">P2<\/th><th class=\"column-3\">NOM<\/th><th class=\"column-4\">Pr\u00e9nom<\/th><th class=\"column-5\">Adresse<\/th><th class=\"column-6\">CP<\/th><th class=\"column-7\">Ville<\/th><th class=\"column-8\">T\u00e9l\u00e9phone<\/th><th class=\"column-9\">Email<\/th>\n<\/tr>\n<\/thead>\n<tbody class=\"row-hover\">\n<tr class=\"row-2 even\">\n\t<td class=\"column-1\"><\/td><td class=\"column-2\"><\/td><td class=\"column-3\"><\/td><td class=\"column-4\"><\/td><td class=\"column-5\"><\/td><td class=\"column-6\"><\/td><td class=\"column-7\"><\/td><td class=\"column-8\"><\/td><td class=\"column-9\"><\/td>\n<\/tr>\n<tr class=\"row-3 odd\">\n\t<td class=\"column-1\">A<\/td><td class=\"column-2\">S2<\/td><td class=\"column-3\">ANGELROTH<\/td><td class=\"column-4\">Aur\u00e9lie<\/td><td class=\"column-5\">Rue Sous-la-Peli\u00e8re, 23<\/td><td class=\"column-6\">6724<\/td><td class=\"column-7\">Marbehan<\/td><td class=\"column-8\">0478 23 55 27<\/td><td class=\"column-9\">aurelieangelroth@gmail.com<\/td>\n<\/tr>\n<tr class=\"row-4 even\">\n\t<td class=\"column-1\">T<\/td><td class=\"column-2\"><\/td><td class=\"column-3\">AUBRY<\/td><td class=\"column-4\">Zacharie<\/td><td class=\"column-5\">Rue des Rappes 31<\/td><td class=\"column-6\">6730<\/td><td class=\"column-7\">St-Vincent - Tintigny<\/td><td class=\"column-8\">0472.72.44.93<\/td><td class=\"column-9\">aaubry509@gmail.com<\/td>\n<\/tr>\n<tr class=\"row-5 odd\">\n\t<td class=\"column-1\">T<\/td><td class=\"column-2\"><\/td><td class=\"column-3\">BORNER<\/td><td class=\"column-4\">Cl\u00e9ment<\/td><td class=\"column-5\">Grand rue 13<\/td><td class=\"column-6\">F55600<\/td><td class=\"column-7\">Marville<\/td><td class=\"column-8\">0033 787246937<\/td><td class=\"column-9\">clementamauryborner@gmail.com<\/td>\n<\/tr>\n<tr class=\"row-6 even\">\n\t<td class=\"column-1\">S<\/td><td class=\"column-2\">S2<\/td><td class=\"column-3\">BRACONNIER<\/td><td class=\"column-4\">Marie-Paule<\/td><td class=\"column-5\">rue du Ban de Villers,6<\/td><td class=\"column-6\">6741<\/td><td class=\"column-7\">Vance<\/td><td class=\"column-8\">45.52.70 - 0499\/22.96.96<\/td><td class=\"column-9\">marie-paule@braconnier.eu<\/td>\n<\/tr>\n<tr class=\"row-7 odd\">\n\t<td class=\"column-1\">T<\/td><td class=\"column-2\"><\/td><td class=\"column-3\"> CLAUSSE<\/td><td class=\"column-4\">Guy<\/td><td class=\"column-5\">rue de la Chapelle, 38<\/td><td class=\"column-6\">6720<\/td><td class=\"column-7\">Habay-la-Neuve<\/td><td class=\"column-8\">42.28.70<\/td><td class=\"column-9\">guy.clausse1939@gmail.com<\/td>\n<\/tr>\n<tr class=\"row-8 even\">\n\t<td class=\"column-1\">A<\/td><td class=\"column-2\">A<\/td><td class=\"column-3\"> CLAUSSE<\/td><td class=\"column-4\">B\u00e9atrice<\/td><td class=\"column-5\">rue du Sart-Macr\u00e9, 17<\/td><td class=\"column-6\">6742<\/td><td class=\"column-7\">Chantemelle<\/td><td class=\"column-8\">45.59.13 - 0479\/63.95.04<\/td><td class=\"column-9\">bea_clausse@hotmail.be<\/td>\n<\/tr>\n<tr class=\"row-9 odd\">\n\t<td class=\"column-1\">B<\/td><td class=\"column-2\">B<\/td><td class=\"column-3\"> CLAUSSE<\/td><td class=\"column-4\">Jean-Marie<\/td><td class=\"column-5\">rue de l'Hydrion, 88<\/td><td class=\"column-6\">6700<\/td><td class=\"column-7\">Arlon<\/td><td class=\"column-8\">22.64.94 - 0494\/90.25.24<\/td><td class=\"column-9\">jeanmarie.clausse@gmail.com<\/td>\n<\/tr>\n<tr class=\"row-10 even\">\n\t<td class=\"column-1\">A<\/td><td class=\"column-2\">A<\/td><td class=\"column-3\"> DAVID-NANDRIN<\/td><td class=\"column-4\">Marie Jeanne<\/td><td class=\"column-5\">Chemin de la for\u00eat, 2<\/td><td class=\"column-6\">6700<\/td><td class=\"column-7\">Guirsch<\/td><td class=\"column-8\">22.16.68 - 0497\/29.79.74<\/td><td class=\"column-9\">mjnandrin@yahoo.fr<\/td>\n<\/tr>\n<tr class=\"row-11 odd\">\n\t<td class=\"column-1\">A<\/td><td class=\"column-2\">S2<\/td><td class=\"column-3\">DEBONTRIDDER<\/td><td class=\"column-4\">Andr\u00e9e<\/td><td class=\"column-5\">Rue de Houdemont, 21<\/td><td class=\"column-6\">6740<\/td><td class=\"column-7\">Mortinsart<\/td><td class=\"column-8\">41.14.82 - 0473\/34.78.96<\/td><td class=\"column-9\">debontridder.andreeraymond@gmail.com<\/td>\n<\/tr>\n<tr class=\"row-12 even\">\n\t<td class=\"column-1\">S<\/td><td class=\"column-2\">S2<\/td><td class=\"column-3\">DELTOUR<\/td><td class=\"column-4\">B\u00e9atrice<\/td><td class=\"column-5\">rue Grand four, 9<\/td><td class=\"column-6\">F 65600<\/td><td class=\"column-7\">Verneuil-Grand - F<\/td><td class=\"column-8\">0470 100814<\/td><td class=\"column-9\">beatrice.deltour@jindalfilms.com<\/td>\n<\/tr>\n<tr class=\"row-13 odd\">\n\t<td class=\"column-1\">T<\/td><td class=\"column-2\"><\/td><td class=\"column-3\">DUPUIS<\/td><td class=\"column-4\">Manu<\/td><td class=\"column-5\">Rue d'Hoffschmidt, 35<\/td><td class=\"column-6\">6720<\/td><td class=\"column-7\">Habay-la-Neuve<\/td><td class=\"column-8\">42.26.95 - 0477\/78.11.73<\/td><td class=\"column-9\">pino.manu@skynet.be - emmanuel.dupuis@hotmail.com<\/td>\n<\/tr>\n<tr class=\"row-14 even\">\n\t<td class=\"column-1\">T<\/td><td class=\"column-2\"><\/td><td class=\"column-3\">FABER<\/td><td class=\"column-4\">Etienne<\/td><td class=\"column-5\">rue de la Chav\u00e9e, 33<\/td><td class=\"column-6\">6810<\/td><td class=\"column-7\">Romponcelle<\/td><td class=\"column-8\">061\/32.96.37-0498\/39.97.80<\/td><td class=\"column-9\">etienne.faber60@gmail.com<\/td>\n<\/tr>\n<tr class=\"row-15 odd\">\n\t<td class=\"column-1\">A<\/td><td class=\"column-2\">A<\/td><td class=\"column-3\">FROGNET-SCHREDER<\/td><td class=\"column-4\">Marie-Anne<\/td><td class=\"column-5\">Haute Ruelle, 7<\/td><td class=\"column-6\">6760<\/td><td class=\"column-7\">Virton<\/td><td class=\"column-8\">57.05.66 - 0496\/71.81.81<\/td><td class=\"column-9\">marieanneschreder@yahoo.fr<\/td>\n<\/tr>\n<tr class=\"row-16 even\">\n\t<td class=\"column-1\">A<\/td><td class=\"column-2\">A<\/td><td class=\"column-3\">GUILLAUME<\/td><td class=\"column-4\">Danielle<\/td><td class=\"column-5\">rue de l'Arlunes, 4<\/td><td class=\"column-6\">6720<\/td><td class=\"column-7\">Habay-la-Neuve<\/td><td class=\"column-8\">42.29.15 - 0497.44.30.78<\/td><td class=\"column-9\">danielle.guillaume27@gmail.com<\/td>\n<\/tr>\n<tr class=\"row-17 odd\">\n\t<td class=\"column-1\">B<\/td><td class=\"column-2\"><\/td><td class=\"column-3\">GUIOT<\/td><td class=\"column-4\">Philippe<\/td><td class=\"column-5\">Chemin de Rulles, 9<\/td><td class=\"column-6\">6740<\/td><td class=\"column-7\">Mortinsart<\/td><td class=\"column-8\">063\/572202<\/td><td class=\"column-9\">philippe.guiot.pg@gmail.com<\/td>\n<\/tr>\n<tr class=\"row-18 even\">\n\t<td class=\"column-1\">T<\/td><td class=\"column-2\"><\/td><td class=\"column-3\">JACQUEMIN<\/td><td class=\"column-4\">Pierre<\/td><td class=\"column-5\">rue de la Semois,2A<\/td><td class=\"column-6\">6741<\/td><td class=\"column-7\">Vance<\/td><td class=\"column-8\">45.56.54<\/td><td class=\"column-9\">colettepierrej@hotmail.com<\/td>\n<\/tr>\n<tr class=\"row-19 odd\">\n\t<td class=\"column-1\">A<\/td><td class=\"column-2\">S2<\/td><td class=\"column-3\">JACQUEMIN-BECHET<\/td><td class=\"column-4\">Colette<\/td><td class=\"column-5\">rue de la Semois,2A<\/td><td class=\"column-6\">6741<\/td><td class=\"column-7\">Vance<\/td><td class=\"column-8\">45.56.54 - 0497\/32.48.44<\/td><td class=\"column-9\"><\/td>\n<\/tr>\n<tr class=\"row-20 even\">\n\t<td class=\"column-1\">S<\/td><td class=\"column-2\">S1<\/td><td class=\"column-3\">LAMBIN<\/td><td class=\"column-4\">No\u00e9mie<\/td><td class=\"column-5\">Rue de la Montante Roye, 39 A<\/td><td class=\"column-6\">6730<\/td><td class=\"column-7\">Bellefontaine<\/td><td class=\"column-8\">0494.29.61.49<\/td><td class=\"column-9\">noemielambin@gmail.com<\/td>\n<\/tr>\n<tr class=\"row-21 odd\">\n\t<td class=\"column-1\">S<\/td><td class=\"column-2\">S1<\/td><td class=\"column-3\">LAMBIN<\/td><td class=\"column-4\">Lise<\/td><td class=\"column-5\">Rue de la Montante Roye, 39 A<\/td><td class=\"column-6\">6730<\/td><td class=\"column-7\">Bellefontaine - Tintigny<\/td><td class=\"column-8\">0497.26.67.16<\/td><td class=\"column-9\">liselambin@gmail.com<\/td>\n<\/tr>\n<tr class=\"row-22 even\">\n\t<td class=\"column-1\">S<\/td><td class=\"column-2\">S2<\/td><td class=\"column-3\">LOUIS-DELOBBE<\/td><td class=\"column-4\">Fran\u00e7oise<\/td><td class=\"column-5\">rue de Marbehan, 265<\/td><td class=\"column-6\">6730<\/td><td class=\"column-7\">Rossignol<\/td><td class=\"column-8\">41.13.40<\/td><td class=\"column-9\">francoise.delobbe@gmail.com<\/td>\n<\/tr>\n<tr class=\"row-23 odd\">\n\t<td class=\"column-1\">B<\/td><td class=\"column-2\"><\/td><td class=\"column-3\">MAGNETTE<\/td><td class=\"column-4\">Didier<\/td><td class=\"column-5\">Rue du pont 7<\/td><td class=\"column-6\">6700<\/td><td class=\"column-7\">Fouche - Arlon<\/td><td class=\"column-8\">0496.87.58.95<\/td><td class=\"column-9\">didier.magnette@gmail.com<\/td>\n<\/tr>\n<tr class=\"row-24 even\">\n\t<td class=\"column-1\">S<\/td><td class=\"column-2\">S1<\/td><td class=\"column-3\">MUHL<\/td><td class=\"column-4\">Margarita<\/td><td class=\"column-5\">rue de Messancy, 95<\/td><td class=\"column-6\">6790<\/td><td class=\"column-7\">Aubange<\/td><td class=\"column-8\">00 352 621 839369<\/td><td class=\"column-9\">magieaz@gmail.com<\/td>\n<\/tr>\n<tr class=\"row-25 odd\">\n\t<td class=\"column-1\">B<\/td><td class=\"column-2\"><\/td><td class=\"column-3\">PECHON<\/td><td class=\"column-4\">Eric<\/td><td class=\"column-5\">Rue des Hayettes, 35<\/td><td class=\"column-6\">6747<\/td><td class=\"column-7\">Ch\u00e2tillon<\/td><td class=\"column-8\">0498 54 82 25<\/td><td class=\"column-9\">ericericpechon@gmail.com<\/td>\n<\/tr>\n<tr class=\"row-26 even\">\n\t<td class=\"column-1\">T<\/td><td class=\"column-2\"><\/td><td class=\"column-3\">PIETTE<\/td><td class=\"column-4\">Michel<\/td><td class=\"column-5\">Grand rue, 18<\/td><td class=\"column-6\">F-55600<\/td><td class=\"column-7\">Velosnes-Montm\u00e9dy<\/td><td class=\"column-8\">33 329801462 - 0485 684737<\/td><td class=\"column-9\">piette.m@gmail.com<\/td>\n<\/tr>\n<tr class=\"row-27 odd\">\n\t<td class=\"column-1\">CH<\/td><td class=\"column-2\"><\/td><td class=\"column-3\">PONCELET<\/td><td class=\"column-4\">Isabelle<\/td><td class=\"column-5\">rue des Aunes, 27<\/td><td class=\"column-6\">6723<\/td><td class=\"column-7\">Nantimont<\/td><td class=\"column-8\">0496\/13.72.27<\/td><td class=\"column-9\">i.poncelet@hotmail.com<\/td>\n<\/tr>\n<tr class=\"row-28 even\">\n\t<td class=\"column-1\">T<\/td><td class=\"column-2\"><\/td><td class=\"column-3\">RENAULD<\/td><td class=\"column-4\">Jean-Claude<\/td><td class=\"column-5\">Grand'Rue, 8<\/td><td class=\"column-6\">6724<\/td><td class=\"column-7\">Marbehan<\/td><td class=\"column-8\">41.14.09 - 0478\/58.88.05<\/td><td class=\"column-9\">renauld.jc@gmail.com<\/td>\n<\/tr>\n<tr class=\"row-29 odd\">\n\t<td class=\"column-1\">S<\/td><td class=\"column-2\">S2<\/td><td class=\"column-3\">ROSSIGNON<\/td><td class=\"column-4\">Monique<\/td><td class=\"column-5\">Rue de la Semois,17<\/td><td class=\"column-6\">6741<\/td><td class=\"column-7\">Vance<\/td><td class=\"column-8\">45.57.76 - 0486\/99.27.12<\/td><td class=\"column-9\">monique,ro@hotmail.be<\/td>\n<\/tr>\n<tr class=\"row-30 even\">\n\t<td class=\"column-1\">S<\/td><td class=\"column-2\">S1<\/td><td class=\"column-3\">THEIS<\/td><td class=\"column-4\">Marie-No\u00eblle<\/td><td class=\"column-5\">Au Poteau, 14<\/td><td class=\"column-6\">6740<\/td><td class=\"column-7\">Ste Marie S\/Semois<\/td><td class=\"column-8\">45.59.64 - 0472\/47.19.51<\/td><td class=\"column-9\">minelle04@hotmail.com<\/td>\n<\/tr>\n<tr class=\"row-31 odd\">\n\t<td class=\"column-1\">S<\/td><td class=\"column-2\">S2<\/td><td class=\"column-3\">THIRY<\/td><td class=\"column-4\">Marie-Madeleine<\/td><td class=\"column-5\">rue des Prey\u00e9s, 3<\/td><td class=\"column-6\">6720<\/td><td class=\"column-7\">Habay-la-Neuve<\/td><td class=\"column-8\">42.33.77<\/td><td class=\"column-9\">simila@skynet.be<\/td>\n<\/tr>\n<tr class=\"row-32 even\">\n\t<td class=\"column-1\">B<\/td><td class=\"column-2\"><\/td><td class=\"column-3\">WINANCE<\/td><td class=\"column-4\">Emmanuel<\/td><td class=\"column-5\">rue du Gros Cron, 106<\/td><td class=\"column-6\">6730<\/td><td class=\"column-7\">Lahage<\/td><td class=\"column-8\">44.43.86 - 0495\/25.49.05<\/td><td class=\"column-9\">em.winance@skynet.be<\/td>\n<\/tr>\n<tr class=\"row-33 odd\">\n\t<td class=\"column-1\">S<\/td><td class=\"column-2\"><\/td><td class=\"column-3\">YEZHAK<\/td><td class=\"column-4\">Tania<\/td><td class=\"column-5\"><\/td><td class=\"column-6\">6720<\/td><td class=\"column-7\"><\/td><td class=\"column-8\">0475 27 68 58<\/td><td class=\"column-9\">titico0205@ukr.net<\/td>\n<\/tr>\n<tr class=\"row-34 even\">\n\t<td class=\"column-1\">B<\/td><td class=\"column-2\"><\/td><td class=\"column-3\">ZUCCARINI<\/td><td class=\"column-4\">Valeriano<\/td><td class=\"column-5\">Rue du Puits 6<\/td><td class=\"column-6\">55600<\/td><td class=\"column-7\">Juvigny-sur-Loison<\/td><td class=\"column-8\">0494.18.72.90<\/td><td class=\"column-9\">zuccarini.v@gmx.fr<\/td>\n<\/tr>\n<\/tbody>\n<\/table>\n<!-- #tablepress-3 from cache -->\n","protected":false},"excerpt":{"rendered":"<p>Pour trouver rapidement un membre d\u00e9termin\u00e9, tapez les premi\u00e8res lettres de son nom ou pr\u00e9nom dans la case \u00ab\u00a0recherche\u00a0\u00bb La barre de d\u00e9filement horizontal sous la page permet de voir les derni\u00e8res colonnes<\/p>\n","protected":false},"author":14,"featured_media":0,"parent":76,"menu_order":30,"comment_status":"closed","ping_status":"closed","template":"","meta":{"footnotes":""},"_links":{"self":[{"href":"https:\/\/xn--choeurprlude-ieb.be\/index.php?rest_route=\/wp\/v2\/pages\/99"}],"collection":[{"href":"https:\/\/xn--choeurprlude-ieb.be\/index.php?rest_route=\/wp\/v2\/pages"}],"about":[{"href":"https:\/\/xn--choeurprlude-ieb.be\/index.php?rest_route=\/wp\/v2\/types\/page"}],"author":[{"embeddable":true,"href":"https:\/\/xn--choeurprlude-ieb.be\/index.php?rest_route=\/wp\/v2\/users\/14"}],"replies":[{"embeddable":true,"href":"https:\/\/xn--choeurprlude-ieb.be\/index.php?rest_route=%2Fwp%2Fv2%2Fcomments&post=99"}],"version-history":[{"count":4,"href":"https:\/\/xn--choeurprlude-ieb.be\/index.php?rest_route=\/wp\/v2\/pages\/99\/revisions"}],"predecessor-version":[{"id":185,"href":"https:\/\/xn--choeurprlude-ieb.be\/index.php?rest_route=\/wp\/v2\/pages\/99\/revisions\/185"}],"up":[{"embeddable":true,"href":"https:\/\/xn--choeurprlude-ieb.be\/index.php?rest_route=\/wp\/v2\/pages\/76"}],"wp:attachment":[{"href":"https:\/\/xn--choeurprlude-ieb.be\/index.php?rest_route=%2Fwp%2Fv2%2Fmedia&parent=99"}],"curies":[{"name":"wp","href":"https:\/\/api.w.org\/{rel}","templated":true}]}}